{"id":104,"date":"2022-06-15T04:59:34","date_gmt":"2022-06-15T04:59:34","guid":{"rendered":"http:\/\/fermedesages.com\/?post_type=product&#038;p=104"},"modified":"2025-06-06T10:26:23","modified_gmt":"2025-06-06T10:26:23","slug":"farine-de-noix-du-perigord-bio","status":"publish","type":"product","link":"https:\/\/fermedesages.com\/?product=farine-de-noix-du-perigord-bio","title":{"rendered":"Farine de Noix du P\u00e9rigord BIO"},"content":{"rendered":"","protected":false},"excerpt":{"rendered":"<p>Farine de Noix du P\u00e9rigord BIO. issue du tourteau de noix, cette farine est id\u00e9ale pour donner du gout et de la couleur a vos patisseries et autres pr\u00e9parations culinaires.<\/p>\n<p>Poids Net 400g<\/p>\n","protected":false},"featured_media":105,"comment_status":"open","ping_status":"closed","template":"","meta":{"om_disable_all_campaigns":false,"_monsterinsights_skip_tracking":false,"_monsterinsights_sitenote_active":false,"_monsterinsights_sitenote_note":"","_monsterinsights_sitenote_category":0},"product_brand":[],"product_cat":[25],"product_tag":[],"class_list":{"0":"post-104","1":"product","2":"type-product","3":"status-publish","4":"has-post-thumbnail","6":"product_cat-farines","7":"product_shipping_class-expedition","9":"first","10":"outofstock","11":"taxable","12":"shipping-taxable","13":"purchasable","14":"product-type-simple"},"yoast_head":"<!-- This site is optimized with the Yoast SEO plugin v27.6 - https:\/\/yoast.com\/product\/yoast-seo-wordpress\/ -->\n<title>Farine de Noix du P\u00e9rigord BIO - EARL Ferme Des Ages<\/title>\n<meta name=\"robots\" content=\"index, follow, max-snippet:-1, max-image-preview:large, max-video-preview:-1\" \/>\n<link rel=\"canonical\" href=\"https:\/\/fermedesages.com\/?product=farine-de-noix-du-perigord-bio\" \/>\n<meta property=\"og:locale\" content=\"fr_FR\" \/>\n<meta property=\"og:type\" content=\"article\" \/>\n<meta property=\"og:title\" content=\"Farine de Noix du P\u00e9rigord BIO - EARL Ferme Des Ages\" \/>\n<meta property=\"og:description\" content=\"Farine de Noix du P\u00e9rigord BIO. issue du tourteau de noix, cette farine est id\u00e9ale pour donner du gout et de la couleur a vos patisseries et autres pr\u00e9parations culinaires.  Poids Net 400g\" \/>\n<meta property=\"og:url\" content=\"https:\/\/fermedesages.com\/?product=farine-de-noix-du-perigord-bio\" \/>\n<meta property=\"og:site_name\" content=\"EARL Ferme Des Ages\" \/>\n<meta property=\"article:modified_time\" content=\"2025-06-06T10:26:23+00:00\" \/>\n<meta property=\"og:image\" content=\"http:\/\/fermedesages.com\/wp-content\/uploads\/2022\/06\/Capture3.jpg\" \/>\n\t<meta property=\"og:image:width\" content=\"637\" \/>\n\t<meta property=\"og:image:height\" content=\"648\" \/>\n\t<meta property=\"og:image:type\" content=\"image\/jpeg\" \/>\n<meta name=\"twitter:card\" content=\"summary_large_image\" \/>\n<script type=\"application\/ld+json\" class=\"yoast-schema-graph\">{\"@context\":\"https:\\\/\\\/schema.org\",\"@graph\":[{\"@type\":\"WebPage\",\"@id\":\"https:\\\/\\\/fermedesages.com\\\/?product=farine-de-noix-du-perigord-bio\",\"url\":\"https:\\\/\\\/fermedesages.com\\\/?product=farine-de-noix-du-perigord-bio\",\"name\":\"Farine de Noix du P\u00e9rigord BIO - EARL Ferme Des Ages\",\"isPartOf\":{\"@id\":\"https:\\\/\\\/fermedesages.com\\\/#website\"},\"primaryImageOfPage\":{\"@id\":\"https:\\\/\\\/fermedesages.com\\\/?product=farine-de-noix-du-perigord-bio#primaryimage\"},\"image\":{\"@id\":\"https:\\\/\\\/fermedesages.com\\\/?product=farine-de-noix-du-perigord-bio#primaryimage\"},\"thumbnailUrl\":\"https:\\\/\\\/fermedesages.com\\\/wp-content\\\/uploads\\\/2022\\\/06\\\/Capture3.jpg\",\"datePublished\":\"2022-06-15T04:59:34+00:00\",\"dateModified\":\"2025-06-06T10:26:23+00:00\",\"breadcrumb\":{\"@id\":\"https:\\\/\\\/fermedesages.com\\\/?product=farine-de-noix-du-perigord-bio#breadcrumb\"},\"inLanguage\":\"fr-FR\",\"potentialAction\":[{\"@type\":\"ReadAction\",\"target\":[\"https:\\\/\\\/fermedesages.com\\\/?product=farine-de-noix-du-perigord-bio\"]}]},{\"@type\":\"ImageObject\",\"inLanguage\":\"fr-FR\",\"@id\":\"https:\\\/\\\/fermedesages.com\\\/?product=farine-de-noix-du-perigord-bio#primaryimage\",\"url\":\"https:\\\/\\\/fermedesages.com\\\/wp-content\\\/uploads\\\/2022\\\/06\\\/Capture3.jpg\",\"contentUrl\":\"https:\\\/\\\/fermedesages.com\\\/wp-content\\\/uploads\\\/2022\\\/06\\\/Capture3.jpg\",\"width\":637,\"height\":648},{\"@type\":\"BreadcrumbList\",\"@id\":\"https:\\\/\\\/fermedesages.com\\\/?product=farine-de-noix-du-perigord-bio#breadcrumb\",\"itemListElement\":[{\"@type\":\"ListItem\",\"position\":1,\"name\":\"Accueil\",\"item\":\"https:\\\/\\\/fermedesages.com\\\/\"},{\"@type\":\"ListItem\",\"position\":2,\"name\":\"Boutique en Ligne\",\"item\":\"https:\\\/\\\/fermedesages.com\\\/?page_id=79\"},{\"@type\":\"ListItem\",\"position\":3,\"name\":\"Farine de Noix du P\u00e9rigord BIO\"}]},{\"@type\":\"WebSite\",\"@id\":\"https:\\\/\\\/fermedesages.com\\\/#website\",\"url\":\"https:\\\/\\\/fermedesages.com\\\/\",\"name\":\"EARL Ferme Des Ages\",\"description\":\"Producteurs Bovins Viande, L\u00e9gumes plein champs et Noix BIO\",\"potentialAction\":[{\"@type\":\"SearchAction\",\"target\":{\"@type\":\"EntryPoint\",\"urlTemplate\":\"https:\\\/\\\/fermedesages.com\\\/?s={search_term_string}\"},\"query-input\":{\"@type\":\"PropertyValueSpecification\",\"valueRequired\":true,\"valueName\":\"search_term_string\"}}],\"inLanguage\":\"fr-FR\"}]}<\/script>\n<!-- \/ Yoast SEO plugin. -->","yoast_head_json":{"title":"Farine de Noix du P\u00e9rigord BIO - EARL Ferme Des Ages","robots":{"index":"index","follow":"follow","max-snippet":"max-snippet:-1","max-image-preview":"max-image-preview:large","max-video-preview":"max-video-preview:-1"},"canonical":"https:\/\/fermedesages.com\/?product=farine-de-noix-du-perigord-bio","og_locale":"fr_FR","og_type":"article","og_title":"Farine de Noix du P\u00e9rigord BIO - EARL Ferme Des Ages","og_description":"Farine de Noix du P\u00e9rigord BIO. issue du tourteau de noix, cette farine est id\u00e9ale pour donner du gout et de la couleur a vos patisseries et autres pr\u00e9parations culinaires.  Poids Net 400g","og_url":"https:\/\/fermedesages.com\/?product=farine-de-noix-du-perigord-bio","og_site_name":"EARL Ferme Des Ages","article_modified_time":"2025-06-06T10:26:23+00:00","og_image":[{"width":637,"height":648,"url":"http:\/\/fermedesages.com\/wp-content\/uploads\/2022\/06\/Capture3.jpg","type":"image\/jpeg"}],"twitter_card":"summary_large_image","schema":{"@context":"https:\/\/schema.org","@graph":[{"@type":"WebPage","@id":"https:\/\/fermedesages.com\/?product=farine-de-noix-du-perigord-bio","url":"https:\/\/fermedesages.com\/?product=farine-de-noix-du-perigord-bio","name":"Farine de Noix du P\u00e9rigord BIO - EARL Ferme Des Ages","isPartOf":{"@id":"https:\/\/fermedesages.com\/#website"},"primaryImageOfPage":{"@id":"https:\/\/fermedesages.com\/?product=farine-de-noix-du-perigord-bio#primaryimage"},"image":{"@id":"https:\/\/fermedesages.com\/?product=farine-de-noix-du-perigord-bio#primaryimage"},"thumbnailUrl":"https:\/\/fermedesages.com\/wp-content\/uploads\/2022\/06\/Capture3.jpg","datePublished":"2022-06-15T04:59:34+00:00","dateModified":"2025-06-06T10:26:23+00:00","breadcrumb":{"@id":"https:\/\/fermedesages.com\/?product=farine-de-noix-du-perigord-bio#breadcrumb"},"inLanguage":"fr-FR","potentialAction":[{"@type":"ReadAction","target":["https:\/\/fermedesages.com\/?product=farine-de-noix-du-perigord-bio"]}]},{"@type":"ImageObject","inLanguage":"fr-FR","@id":"https:\/\/fermedesages.com\/?product=farine-de-noix-du-perigord-bio#primaryimage","url":"https:\/\/fermedesages.com\/wp-content\/uploads\/2022\/06\/Capture3.jpg","contentUrl":"https:\/\/fermedesages.com\/wp-content\/uploads\/2022\/06\/Capture3.jpg","width":637,"height":648},{"@type":"BreadcrumbList","@id":"https:\/\/fermedesages.com\/?product=farine-de-noix-du-perigord-bio#breadcrumb","itemListElement":[{"@type":"ListItem","position":1,"name":"Accueil","item":"https:\/\/fermedesages.com\/"},{"@type":"ListItem","position":2,"name":"Boutique en Ligne","item":"https:\/\/fermedesages.com\/?page_id=79"},{"@type":"ListItem","position":3,"name":"Farine de Noix du P\u00e9rigord BIO"}]},{"@type":"WebSite","@id":"https:\/\/fermedesages.com\/#website","url":"https:\/\/fermedesages.com\/","name":"EARL Ferme Des Ages","description":"Producteurs Bovins Viande, L\u00e9gumes plein champs et Noix BIO","potentialAction":[{"@type":"SearchAction","target":{"@type":"EntryPoint","urlTemplate":"https:\/\/fermedesages.com\/?s={search_term_string}"},"query-input":{"@type":"PropertyValueSpecification","valueRequired":true,"valueName":"search_term_string"}}],"inLanguage":"fr-FR"}]}},"jetpack_sharing_enabled":true,"_links":{"self":[{"href":"https:\/\/fermedesages.com\/index.php?rest_route=\/wp\/v2\/product\/104","targetHints":{"allow":["GET"]}}],"collection":[{"href":"https:\/\/fermedesages.com\/index.php?rest_route=\/wp\/v2\/product"}],"about":[{"href":"https:\/\/fermedesages.com\/index.php?rest_route=\/wp\/v2\/types\/product"}],"replies":[{"embeddable":true,"href":"https:\/\/fermedesages.com\/index.php?rest_route=%2Fwp%2Fv2%2Fcomments&post=104"}],"wp:featuredmedia":[{"embeddable":true,"href":"https:\/\/fermedesages.com\/index.php?rest_route=\/wp\/v2\/media\/105"}],"wp:attachment":[{"href":"https:\/\/fermedesages.com\/index.php?rest_route=%2Fwp%2Fv2%2Fmedia&parent=104"}],"wp:term":[{"taxonomy":"product_brand","embeddable":true,"href":"https:\/\/fermedesages.com\/index.php?rest_route=%2Fwp%2Fv2%2Fproduct_brand&post=104"},{"taxonomy":"product_cat","embeddable":true,"href":"https:\/\/fermedesages.com\/index.php?rest_route=%2Fwp%2Fv2%2Fproduct_cat&post=104"},{"taxonomy":"product_tag","embeddable":true,"href":"https:\/\/fermedesages.com\/index.php?rest_route=%2Fwp%2Fv2%2Fproduct_tag&post=104"}],"curies":[{"name":"wp","href":"https:\/\/api.w.org\/{rel}","templated":true}]}}