{"id":509,"date":"2023-03-15T16:56:53","date_gmt":"2023-03-15T16:56:53","guid":{"rendered":"https:\/\/fermedesages.com\/?post_type=product&#038;p=509"},"modified":"2023-12-27T06:19:53","modified_gmt":"2023-12-27T06:19:53","slug":"chataignes","status":"publish","type":"product","link":"https:\/\/fermedesages.com\/?product=chataignes","title":{"rendered":"Ch\u00e2taignes enti\u00e8res pel\u00e9es au feu"},"content":{"rendered":"<div dir=\"auto\">Ch\u00e2taignes blanchies en bocaux st\u00e9rilis\u00e9s de 500g.<\/div>\n<div dir=\"auto\">Ce sont les ch\u00e2taignes r\u00e9colt\u00e9es cet automne 2022.<\/div>\n<div dir=\"auto\">Ces ch\u00e2taignes sont id\u00e9ales en accompagnement d\u2019une viande, natures, ou comme base de recettes sal\u00e9es ou sucr\u00e9es.<\/div>\n","protected":false},"excerpt":{"rendered":"<div dir=\"auto\">Ch\u00e2taignes blanchies en bocaux st\u00e9rilis\u00e9s de 500g.<\/div>\n<div dir=\"auto\">Ce sont les ch\u00e2taignes r\u00e9colt\u00e9es cet automne 2022.<\/div>\n<div dir=\"auto\">Ces ch\u00e2taignes sont id\u00e9ales en accompagnement d\u2019une viande, natures, ou comme base de recettes sal\u00e9es ou sucr\u00e9es.<\/div>\n","protected":false},"featured_media":510,"comment_status":"open","ping_status":"closed","template":"","meta":{"om_disable_all_campaigns":false,"_monsterinsights_skip_tracking":false,"_monsterinsights_sitenote_active":false,"_monsterinsights_sitenote_note":"","_monsterinsights_sitenote_category":0},"product_brand":[],"product_cat":[34,26],"product_tag":[],"class_list":{"0":"post-509","1":"product","2":"type-product","3":"status-publish","4":"has-post-thumbnail","6":"product_cat-conserve","7":"product_cat-fruits-et-legumes","9":"first","10":"outofstock","11":"taxable","12":"shipping-taxable","13":"purchasable","14":"product-type-simple"},"yoast_head":"<!-- This site is optimized with the Yoast SEO plugin v27.6 - https:\/\/yoast.com\/product\/yoast-seo-wordpress\/ -->\n<title>Ch\u00e2taignes enti\u00e8res pel\u00e9es au feu - EARL Ferme Des Ages<\/title>\n<meta name=\"description\" content=\"Ch\u00e2taignes blanchies en bocaux st\u00e9rilis\u00e9s de 500g. Id\u00e9ales en accompagnement d\u2019une viande, natures, ou comme base de recettes sal\u00e9es ou sucr\u00e9es.\" \/>\n<meta name=\"robots\" content=\"index, follow, max-snippet:-1, max-image-preview:large, max-video-preview:-1\" \/>\n<link rel=\"canonical\" href=\"https:\/\/fermedesages.com\/?product=chataignes\" \/>\n<meta property=\"og:locale\" content=\"fr_FR\" \/>\n<meta property=\"og:type\" content=\"article\" \/>\n<meta property=\"og:title\" content=\"Ch\u00e2taignes enti\u00e8res pel\u00e9es au feu - EARL Ferme Des Ages\" \/>\n<meta property=\"og:description\" content=\"Ch\u00e2taignes blanchies en bocaux st\u00e9rilis\u00e9s de 500g. Id\u00e9ales en accompagnement d\u2019une viande, natures, ou comme base de recettes sal\u00e9es ou sucr\u00e9es.\" \/>\n<meta property=\"og:url\" content=\"https:\/\/fermedesages.com\/?product=chataignes\" \/>\n<meta property=\"og:site_name\" content=\"EARL Ferme Des Ages\" \/>\n<meta property=\"article:modified_time\" content=\"2023-12-27T06:19:53+00:00\" \/>\n<meta property=\"og:image\" content=\"http:\/\/fermedesages.com\/wp-content\/uploads\/2023\/03\/IMG_7605-removebg-preview.png\" \/>\n\t<meta property=\"og:image:width\" content=\"433\" \/>\n\t<meta property=\"og:image:height\" content=\"577\" \/>\n\t<meta property=\"og:image:type\" content=\"image\/png\" \/>\n<meta name=\"twitter:card\" content=\"summary_large_image\" \/>\n<meta name=\"twitter:label1\" content=\"Dur\u00e9e de lecture estim\u00e9e\" \/>\n\t<meta name=\"twitter:data1\" content=\"1 minute\" \/>\n<script type=\"application\/ld+json\" class=\"yoast-schema-graph\">{\"@context\":\"https:\\\/\\\/schema.org\",\"@graph\":[{\"@type\":\"WebPage\",\"@id\":\"https:\\\/\\\/fermedesages.com\\\/?product=chataignes\",\"url\":\"https:\\\/\\\/fermedesages.com\\\/?product=chataignes\",\"name\":\"Ch\u00e2taignes enti\u00e8res pel\u00e9es au feu - EARL Ferme Des Ages\",\"isPartOf\":{\"@id\":\"https:\\\/\\\/fermedesages.com\\\/#website\"},\"primaryImageOfPage\":{\"@id\":\"https:\\\/\\\/fermedesages.com\\\/?product=chataignes#primaryimage\"},\"image\":{\"@id\":\"https:\\\/\\\/fermedesages.com\\\/?product=chataignes#primaryimage\"},\"thumbnailUrl\":\"https:\\\/\\\/fermedesages.com\\\/wp-content\\\/uploads\\\/2023\\\/03\\\/IMG_7605-removebg-preview.png\",\"datePublished\":\"2023-03-15T16:56:53+00:00\",\"dateModified\":\"2023-12-27T06:19:53+00:00\",\"description\":\"Ch\u00e2taignes blanchies en bocaux st\u00e9rilis\u00e9s de 500g. Id\u00e9ales en accompagnement d\u2019une viande, natures, ou comme base de recettes sal\u00e9es ou sucr\u00e9es.\",\"breadcrumb\":{\"@id\":\"https:\\\/\\\/fermedesages.com\\\/?product=chataignes#breadcrumb\"},\"inLanguage\":\"fr-FR\",\"potentialAction\":[{\"@type\":\"ReadAction\",\"target\":[\"https:\\\/\\\/fermedesages.com\\\/?product=chataignes\"]}]},{\"@type\":\"ImageObject\",\"inLanguage\":\"fr-FR\",\"@id\":\"https:\\\/\\\/fermedesages.com\\\/?product=chataignes#primaryimage\",\"url\":\"https:\\\/\\\/fermedesages.com\\\/wp-content\\\/uploads\\\/2023\\\/03\\\/IMG_7605-removebg-preview.png\",\"contentUrl\":\"https:\\\/\\\/fermedesages.com\\\/wp-content\\\/uploads\\\/2023\\\/03\\\/IMG_7605-removebg-preview.png\",\"width\":433,\"height\":577,\"caption\":\"Ch\u00e2taignes en bocaux de 500g\"},{\"@type\":\"BreadcrumbList\",\"@id\":\"https:\\\/\\\/fermedesages.com\\\/?product=chataignes#breadcrumb\",\"itemListElement\":[{\"@type\":\"ListItem\",\"position\":1,\"name\":\"Accueil\",\"item\":\"https:\\\/\\\/fermedesages.com\\\/\"},{\"@type\":\"ListItem\",\"position\":2,\"name\":\"Boutique en Ligne\",\"item\":\"https:\\\/\\\/fermedesages.com\\\/?page_id=79\"},{\"@type\":\"ListItem\",\"position\":3,\"name\":\"Ch\u00e2taignes enti\u00e8res pel\u00e9es au feu\"}]},{\"@type\":\"WebSite\",\"@id\":\"https:\\\/\\\/fermedesages.com\\\/#website\",\"url\":\"https:\\\/\\\/fermedesages.com\\\/\",\"name\":\"EARL Ferme Des Ages\",\"description\":\"Producteurs Bovins Viande, L\u00e9gumes plein champs et Noix BIO\",\"potentialAction\":[{\"@type\":\"SearchAction\",\"target\":{\"@type\":\"EntryPoint\",\"urlTemplate\":\"https:\\\/\\\/fermedesages.com\\\/?s={search_term_string}\"},\"query-input\":{\"@type\":\"PropertyValueSpecification\",\"valueRequired\":true,\"valueName\":\"search_term_string\"}}],\"inLanguage\":\"fr-FR\"}]}<\/script>\n<!-- \/ Yoast SEO plugin. -->","yoast_head_json":{"title":"Ch\u00e2taignes enti\u00e8res pel\u00e9es au feu - EARL Ferme Des Ages","description":"Ch\u00e2taignes blanchies en bocaux st\u00e9rilis\u00e9s de 500g. Id\u00e9ales en accompagnement d\u2019une viande, natures, ou comme base de recettes sal\u00e9es ou sucr\u00e9es.","robots":{"index":"index","follow":"follow","max-snippet":"max-snippet:-1","max-image-preview":"max-image-preview:large","max-video-preview":"max-video-preview:-1"},"canonical":"https:\/\/fermedesages.com\/?product=chataignes","og_locale":"fr_FR","og_type":"article","og_title":"Ch\u00e2taignes enti\u00e8res pel\u00e9es au feu - EARL Ferme Des Ages","og_description":"Ch\u00e2taignes blanchies en bocaux st\u00e9rilis\u00e9s de 500g. Id\u00e9ales en accompagnement d\u2019une viande, natures, ou comme base de recettes sal\u00e9es ou sucr\u00e9es.","og_url":"https:\/\/fermedesages.com\/?product=chataignes","og_site_name":"EARL Ferme Des Ages","article_modified_time":"2023-12-27T06:19:53+00:00","og_image":[{"width":433,"height":577,"url":"http:\/\/fermedesages.com\/wp-content\/uploads\/2023\/03\/IMG_7605-removebg-preview.png","type":"image\/png"}],"twitter_card":"summary_large_image","twitter_misc":{"Dur\u00e9e de lecture estim\u00e9e":"1 minute"},"schema":{"@context":"https:\/\/schema.org","@graph":[{"@type":"WebPage","@id":"https:\/\/fermedesages.com\/?product=chataignes","url":"https:\/\/fermedesages.com\/?product=chataignes","name":"Ch\u00e2taignes enti\u00e8res pel\u00e9es au feu - EARL Ferme Des Ages","isPartOf":{"@id":"https:\/\/fermedesages.com\/#website"},"primaryImageOfPage":{"@id":"https:\/\/fermedesages.com\/?product=chataignes#primaryimage"},"image":{"@id":"https:\/\/fermedesages.com\/?product=chataignes#primaryimage"},"thumbnailUrl":"https:\/\/fermedesages.com\/wp-content\/uploads\/2023\/03\/IMG_7605-removebg-preview.png","datePublished":"2023-03-15T16:56:53+00:00","dateModified":"2023-12-27T06:19:53+00:00","description":"Ch\u00e2taignes blanchies en bocaux st\u00e9rilis\u00e9s de 500g. Id\u00e9ales en accompagnement d\u2019une viande, natures, ou comme base de recettes sal\u00e9es ou sucr\u00e9es.","breadcrumb":{"@id":"https:\/\/fermedesages.com\/?product=chataignes#breadcrumb"},"inLanguage":"fr-FR","potentialAction":[{"@type":"ReadAction","target":["https:\/\/fermedesages.com\/?product=chataignes"]}]},{"@type":"ImageObject","inLanguage":"fr-FR","@id":"https:\/\/fermedesages.com\/?product=chataignes#primaryimage","url":"https:\/\/fermedesages.com\/wp-content\/uploads\/2023\/03\/IMG_7605-removebg-preview.png","contentUrl":"https:\/\/fermedesages.com\/wp-content\/uploads\/2023\/03\/IMG_7605-removebg-preview.png","width":433,"height":577,"caption":"Ch\u00e2taignes en bocaux de 500g"},{"@type":"BreadcrumbList","@id":"https:\/\/fermedesages.com\/?product=chataignes#breadcrumb","itemListElement":[{"@type":"ListItem","position":1,"name":"Accueil","item":"https:\/\/fermedesages.com\/"},{"@type":"ListItem","position":2,"name":"Boutique en Ligne","item":"https:\/\/fermedesages.com\/?page_id=79"},{"@type":"ListItem","position":3,"name":"Ch\u00e2taignes enti\u00e8res pel\u00e9es au feu"}]},{"@type":"WebSite","@id":"https:\/\/fermedesages.com\/#website","url":"https:\/\/fermedesages.com\/","name":"EARL Ferme Des Ages","description":"Producteurs Bovins Viande, L\u00e9gumes plein champs et Noix BIO","potentialAction":[{"@type":"SearchAction","target":{"@type":"EntryPoint","urlTemplate":"https:\/\/fermedesages.com\/?s={search_term_string}"},"query-input":{"@type":"PropertyValueSpecification","valueRequired":true,"valueName":"search_term_string"}}],"inLanguage":"fr-FR"}]}},"jetpack_sharing_enabled":true,"_links":{"self":[{"href":"https:\/\/fermedesages.com\/index.php?rest_route=\/wp\/v2\/product\/509","targetHints":{"allow":["GET"]}}],"collection":[{"href":"https:\/\/fermedesages.com\/index.php?rest_route=\/wp\/v2\/product"}],"about":[{"href":"https:\/\/fermedesages.com\/index.php?rest_route=\/wp\/v2\/types\/product"}],"replies":[{"embeddable":true,"href":"https:\/\/fermedesages.com\/index.php?rest_route=%2Fwp%2Fv2%2Fcomments&post=509"}],"wp:featuredmedia":[{"embeddable":true,"href":"https:\/\/fermedesages.com\/index.php?rest_route=\/wp\/v2\/media\/510"}],"wp:attachment":[{"href":"https:\/\/fermedesages.com\/index.php?rest_route=%2Fwp%2Fv2%2Fmedia&parent=509"}],"wp:term":[{"taxonomy":"product_brand","embeddable":true,"href":"https:\/\/fermedesages.com\/index.php?rest_route=%2Fwp%2Fv2%2Fproduct_brand&post=509"},{"taxonomy":"product_cat","embeddable":true,"href":"https:\/\/fermedesages.com\/index.php?rest_route=%2Fwp%2Fv2%2Fproduct_cat&post=509"},{"taxonomy":"product_tag","embeddable":true,"href":"https:\/\/fermedesages.com\/index.php?rest_route=%2Fwp%2Fv2%2Fproduct_tag&post=509"}],"curies":[{"name":"wp","href":"https:\/\/api.w.org\/{rel}","templated":true}]}}