{"id":511,"date":"2023-03-15T17:29:01","date_gmt":"2023-03-15T17:29:01","guid":{"rendered":"https:\/\/fermedesages.com\/?post_type=product&#038;p=511"},"modified":"2025-02-15T11:36:21","modified_gmt":"2025-02-15T11:36:21","slug":"farine-de-ble","status":"publish","type":"product","link":"https:\/\/fermedesages.com\/?product=farine-de-ble","title":{"rendered":"Farine de bl\u00e9"},"content":{"rendered":"<p>Farine de bl\u00e9 de notre production, issue de bl\u00e9 en deuxi\u00e8mme ann\u00e9e de conversion vers l&rsquo;agriculture biologique.<\/p>\n<p>Moulue sur meules de pierre dans un moulin \u00e0 vent<\/p>\n<p>Vous pouvez choisir une farine blanche ou compl\u00e8te<\/p>\n<p>La farine blanche, est la farine la plus courante. Elle est particuli\u00e8rement utilis\u00e9e pour r\u00e9aliser des g\u00e2teaux, du pain blanc, des p\u00e2tes \u00e0 tartes, de la p\u00e2te \u00e0 biscuits, etc.<\/p>\n<p>La\u00a0farine compl\u00e8te\u00a0contient une forte teneur en min\u00e9raux, cendres et nutriments. Id\u00e9ale pour fabriquer des pains et p\u00e2tisseries, il peut \u00eatre int\u00e9ressant de la m\u00e9langer avec d\u2019autres farines plus raffin\u00e9es afin de profiter de ses apports nutritifs et de sa saveur typ\u00e9e.<\/p>\n<p>Conditionnement en sac de 1kg<\/p>\n","protected":false},"excerpt":{"rendered":"<p>Farine de bl\u00e9 de notre production, issue de bl\u00e9 en deuxi\u00e8mme ann\u00e9e de conversion vers l&rsquo;agriculture biologique.<\/p>\n<p>Moulue sur meules de pierre dans un moulin \u00e0 vent<\/p>\n<p>Vous pouvez choisir une farine blanche ou compl\u00e8te<\/p>\n<p>La farine blanche, est la farine la plus courante. Elle est particuli\u00e8rement utilis\u00e9e pour r\u00e9aliser des g\u00e2teaux, du pain blanc, des p\u00e2tes \u00e0 tartes, de la p\u00e2te \u00e0 biscuits, etc.<\/p>\n<p>La\u00a0farine compl\u00e8te\u00a0contient une forte teneur en min\u00e9raux, cendres et nutriments. Id\u00e9ale pour fabriquer des pains et p\u00e2tisseries, il peut \u00eatre int\u00e9ressant de la m\u00e9langer avec d\u2019autres farines plus raffin\u00e9es afin de profiter de ses apports nutritifs et de sa saveur typ\u00e9e.<\/p>\n<p>Conditionnement en sac de 1kg<\/p>\n","protected":false},"featured_media":512,"comment_status":"open","ping_status":"closed","template":"","meta":{"om_disable_all_campaigns":false,"_monsterinsights_skip_tracking":false,"_monsterinsights_sitenote_active":false,"_monsterinsights_sitenote_note":"","_monsterinsights_sitenote_category":0},"product_brand":[],"product_cat":[23,25],"product_tag":[],"class_list":{"0":"post-511","1":"product","2":"type-product","3":"status-publish","4":"has-post-thumbnail","6":"product_cat-epicerie","7":"product_cat-farines","8":"product_shipping_class-expedition","10":"first","11":"outofstock","12":"taxable","13":"shipping-taxable","14":"purchasable","15":"product-type-variable"},"yoast_head":"<!-- This site is optimized with the Yoast SEO plugin v27.6 - https:\/\/yoast.com\/product\/yoast-seo-wordpress\/ -->\n<title>Farine de bl\u00e9 - EARL Ferme Des Ages<\/title>\n<meta name=\"description\" content=\"Farine de bl\u00e9. Moulue sur meules de pierre dans un moulin \u00e0 vent Vous pouvez choisir une farine blanche ou compl\u00e8te. Conditionnement en sac de 1kg\" \/>\n<meta name=\"robots\" content=\"index, follow, max-snippet:-1, max-image-preview:large, max-video-preview:-1\" \/>\n<link rel=\"canonical\" href=\"https:\/\/fermedesages.com\/?product=farine-de-ble\" \/>\n<meta property=\"og:locale\" content=\"fr_FR\" \/>\n<meta property=\"og:type\" content=\"article\" \/>\n<meta property=\"og:title\" content=\"Farine de bl\u00e9 - EARL Ferme Des Ages\" \/>\n<meta property=\"og:description\" content=\"Farine de bl\u00e9. Moulue sur meules de pierre dans un moulin \u00e0 vent Vous pouvez choisir une farine blanche ou compl\u00e8te. Conditionnement en sac de 1kg\" \/>\n<meta property=\"og:url\" content=\"https:\/\/fermedesages.com\/?product=farine-de-ble\" \/>\n<meta property=\"og:site_name\" content=\"EARL Ferme Des Ages\" \/>\n<meta property=\"article:modified_time\" content=\"2025-02-15T11:36:21+00:00\" \/>\n<meta property=\"og:image\" content=\"http:\/\/fermedesages.com\/wp-content\/uploads\/2023\/03\/IMG_7608-removebg-preview.png\" \/>\n\t<meta property=\"og:image:width\" content=\"433\" \/>\n\t<meta property=\"og:image:height\" content=\"577\" \/>\n\t<meta property=\"og:image:type\" content=\"image\/png\" \/>\n<meta name=\"twitter:card\" content=\"summary_large_image\" \/>\n<meta name=\"twitter:label1\" content=\"Dur\u00e9e de lecture estim\u00e9e\" \/>\n\t<meta name=\"twitter:data1\" content=\"1 minute\" \/>\n<script type=\"application\/ld+json\" class=\"yoast-schema-graph\">{\"@context\":\"https:\\\/\\\/schema.org\",\"@graph\":[{\"@type\":\"WebPage\",\"@id\":\"https:\\\/\\\/fermedesages.com\\\/?product=farine-de-ble\",\"url\":\"https:\\\/\\\/fermedesages.com\\\/?product=farine-de-ble\",\"name\":\"Farine de bl\u00e9 - EARL Ferme Des Ages\",\"isPartOf\":{\"@id\":\"https:\\\/\\\/fermedesages.com\\\/#website\"},\"primaryImageOfPage\":{\"@id\":\"https:\\\/\\\/fermedesages.com\\\/?product=farine-de-ble#primaryimage\"},\"image\":{\"@id\":\"https:\\\/\\\/fermedesages.com\\\/?product=farine-de-ble#primaryimage\"},\"thumbnailUrl\":\"https:\\\/\\\/fermedesages.com\\\/wp-content\\\/uploads\\\/2023\\\/03\\\/IMG_7608-removebg-preview.png\",\"datePublished\":\"2023-03-15T17:29:01+00:00\",\"dateModified\":\"2025-02-15T11:36:21+00:00\",\"description\":\"Farine de bl\u00e9. Moulue sur meules de pierre dans un moulin \u00e0 vent Vous pouvez choisir une farine blanche ou compl\u00e8te. Conditionnement en sac de 1kg\",\"breadcrumb\":{\"@id\":\"https:\\\/\\\/fermedesages.com\\\/?product=farine-de-ble#breadcrumb\"},\"inLanguage\":\"fr-FR\",\"potentialAction\":[{\"@type\":\"ReadAction\",\"target\":[\"https:\\\/\\\/fermedesages.com\\\/?product=farine-de-ble\"]}]},{\"@type\":\"ImageObject\",\"inLanguage\":\"fr-FR\",\"@id\":\"https:\\\/\\\/fermedesages.com\\\/?product=farine-de-ble#primaryimage\",\"url\":\"https:\\\/\\\/fermedesages.com\\\/wp-content\\\/uploads\\\/2023\\\/03\\\/IMG_7608-removebg-preview.png\",\"contentUrl\":\"https:\\\/\\\/fermedesages.com\\\/wp-content\\\/uploads\\\/2023\\\/03\\\/IMG_7608-removebg-preview.png\",\"width\":433,\"height\":577,\"caption\":\"Farine de bl\u00e9 en sachet de 1kg\"},{\"@type\":\"BreadcrumbList\",\"@id\":\"https:\\\/\\\/fermedesages.com\\\/?product=farine-de-ble#breadcrumb\",\"itemListElement\":[{\"@type\":\"ListItem\",\"position\":1,\"name\":\"Accueil\",\"item\":\"https:\\\/\\\/fermedesages.com\\\/\"},{\"@type\":\"ListItem\",\"position\":2,\"name\":\"Boutique en Ligne\",\"item\":\"https:\\\/\\\/fermedesages.com\\\/?page_id=79\"},{\"@type\":\"ListItem\",\"position\":3,\"name\":\"Farine de bl\u00e9\"}]},{\"@type\":\"WebSite\",\"@id\":\"https:\\\/\\\/fermedesages.com\\\/#website\",\"url\":\"https:\\\/\\\/fermedesages.com\\\/\",\"name\":\"EARL Ferme Des Ages\",\"description\":\"Producteurs Bovins Viande, L\u00e9gumes plein champs et Noix BIO\",\"potentialAction\":[{\"@type\":\"SearchAction\",\"target\":{\"@type\":\"EntryPoint\",\"urlTemplate\":\"https:\\\/\\\/fermedesages.com\\\/?s={search_term_string}\"},\"query-input\":{\"@type\":\"PropertyValueSpecification\",\"valueRequired\":true,\"valueName\":\"search_term_string\"}}],\"inLanguage\":\"fr-FR\"}]}<\/script>\n<!-- \/ Yoast SEO plugin. -->","yoast_head_json":{"title":"Farine de bl\u00e9 - EARL Ferme Des Ages","description":"Farine de bl\u00e9. Moulue sur meules de pierre dans un moulin \u00e0 vent Vous pouvez choisir une farine blanche ou compl\u00e8te. Conditionnement en sac de 1kg","robots":{"index":"index","follow":"follow","max-snippet":"max-snippet:-1","max-image-preview":"max-image-preview:large","max-video-preview":"max-video-preview:-1"},"canonical":"https:\/\/fermedesages.com\/?product=farine-de-ble","og_locale":"fr_FR","og_type":"article","og_title":"Farine de bl\u00e9 - EARL Ferme Des Ages","og_description":"Farine de bl\u00e9. Moulue sur meules de pierre dans un moulin \u00e0 vent Vous pouvez choisir une farine blanche ou compl\u00e8te. Conditionnement en sac de 1kg","og_url":"https:\/\/fermedesages.com\/?product=farine-de-ble","og_site_name":"EARL Ferme Des Ages","article_modified_time":"2025-02-15T11:36:21+00:00","og_image":[{"width":433,"height":577,"url":"http:\/\/fermedesages.com\/wp-content\/uploads\/2023\/03\/IMG_7608-removebg-preview.png","type":"image\/png"}],"twitter_card":"summary_large_image","twitter_misc":{"Dur\u00e9e de lecture estim\u00e9e":"1 minute"},"schema":{"@context":"https:\/\/schema.org","@graph":[{"@type":"WebPage","@id":"https:\/\/fermedesages.com\/?product=farine-de-ble","url":"https:\/\/fermedesages.com\/?product=farine-de-ble","name":"Farine de bl\u00e9 - EARL Ferme Des Ages","isPartOf":{"@id":"https:\/\/fermedesages.com\/#website"},"primaryImageOfPage":{"@id":"https:\/\/fermedesages.com\/?product=farine-de-ble#primaryimage"},"image":{"@id":"https:\/\/fermedesages.com\/?product=farine-de-ble#primaryimage"},"thumbnailUrl":"https:\/\/fermedesages.com\/wp-content\/uploads\/2023\/03\/IMG_7608-removebg-preview.png","datePublished":"2023-03-15T17:29:01+00:00","dateModified":"2025-02-15T11:36:21+00:00","description":"Farine de bl\u00e9. Moulue sur meules de pierre dans un moulin \u00e0 vent Vous pouvez choisir une farine blanche ou compl\u00e8te. Conditionnement en sac de 1kg","breadcrumb":{"@id":"https:\/\/fermedesages.com\/?product=farine-de-ble#breadcrumb"},"inLanguage":"fr-FR","potentialAction":[{"@type":"ReadAction","target":["https:\/\/fermedesages.com\/?product=farine-de-ble"]}]},{"@type":"ImageObject","inLanguage":"fr-FR","@id":"https:\/\/fermedesages.com\/?product=farine-de-ble#primaryimage","url":"https:\/\/fermedesages.com\/wp-content\/uploads\/2023\/03\/IMG_7608-removebg-preview.png","contentUrl":"https:\/\/fermedesages.com\/wp-content\/uploads\/2023\/03\/IMG_7608-removebg-preview.png","width":433,"height":577,"caption":"Farine de bl\u00e9 en sachet de 1kg"},{"@type":"BreadcrumbList","@id":"https:\/\/fermedesages.com\/?product=farine-de-ble#breadcrumb","itemListElement":[{"@type":"ListItem","position":1,"name":"Accueil","item":"https:\/\/fermedesages.com\/"},{"@type":"ListItem","position":2,"name":"Boutique en Ligne","item":"https:\/\/fermedesages.com\/?page_id=79"},{"@type":"ListItem","position":3,"name":"Farine de bl\u00e9"}]},{"@type":"WebSite","@id":"https:\/\/fermedesages.com\/#website","url":"https:\/\/fermedesages.com\/","name":"EARL Ferme Des Ages","description":"Producteurs Bovins Viande, L\u00e9gumes plein champs et Noix BIO","potentialAction":[{"@type":"SearchAction","target":{"@type":"EntryPoint","urlTemplate":"https:\/\/fermedesages.com\/?s={search_term_string}"},"query-input":{"@type":"PropertyValueSpecification","valueRequired":true,"valueName":"search_term_string"}}],"inLanguage":"fr-FR"}]}},"jetpack_sharing_enabled":true,"_links":{"self":[{"href":"https:\/\/fermedesages.com\/index.php?rest_route=\/wp\/v2\/product\/511","targetHints":{"allow":["GET"]}}],"collection":[{"href":"https:\/\/fermedesages.com\/index.php?rest_route=\/wp\/v2\/product"}],"about":[{"href":"https:\/\/fermedesages.com\/index.php?rest_route=\/wp\/v2\/types\/product"}],"replies":[{"embeddable":true,"href":"https:\/\/fermedesages.com\/index.php?rest_route=%2Fwp%2Fv2%2Fcomments&post=511"}],"wp:featuredmedia":[{"embeddable":true,"href":"https:\/\/fermedesages.com\/index.php?rest_route=\/wp\/v2\/media\/512"}],"wp:attachment":[{"href":"https:\/\/fermedesages.com\/index.php?rest_route=%2Fwp%2Fv2%2Fmedia&parent=511"}],"wp:term":[{"taxonomy":"product_brand","embeddable":true,"href":"https:\/\/fermedesages.com\/index.php?rest_route=%2Fwp%2Fv2%2Fproduct_brand&post=511"},{"taxonomy":"product_cat","embeddable":true,"href":"https:\/\/fermedesages.com\/index.php?rest_route=%2Fwp%2Fv2%2Fproduct_cat&post=511"},{"taxonomy":"product_tag","embeddable":true,"href":"https:\/\/fermedesages.com\/index.php?rest_route=%2Fwp%2Fv2%2Fproduct_tag&post=511"}],"curies":[{"name":"wp","href":"https:\/\/api.w.org\/{rel}","templated":true}]}}