{"id":536,"date":"2023-10-30T08:32:10","date_gmt":"2023-10-30T08:32:10","guid":{"rendered":"https:\/\/fermedesages.com\/?post_type=product&#038;p=536"},"modified":"2026-03-21T09:56:05","modified_gmt":"2026-03-21T09:56:05","slug":"colis-gourmand-10-kg-boeuf","status":"publish","type":"product","link":"https:\/\/fermedesages.com\/?product=colis-gourmand-10-kg-boeuf","title":{"rendered":"Colis Gourmand 10 kg Boeuf"},"content":{"rendered":"<p>Colis Gourmand de 10kg de viande de boeuf:<\/p>\n<ul>\n<li>1 r\u00f4ti env. 1kg<\/li>\n<li>1 entrec\u00f4te<\/li>\n<li>1 ou 2 faux filets<\/li>\n<li>1 basse c\u00f4te<\/li>\n<li>1 bavette<\/li>\n<li>1 paleron<\/li>\n<li>1 kg de saucisses de b\u0153uf<\/li>\n<li>1 kg de merguez de boeuf<\/li>\n<li>steaks hach\u00e9s env 2kg<\/li>\n<li>+ Steaks<\/li>\n<\/ul>\n<p>Commandez maintenant pour venir r\u00e9cup\u00e9rer vos colis le <strong>Mercredi 25 Mars 2026<\/strong><\/p>\n<h3><\/h3>\n","protected":false},"excerpt":{"rendered":"<p>Colis Gourmand de 10kg de viande de boeuf:<\/p>\n<ul>\n<li>1 r\u00f4ti env. 1kg<\/li>\n<li>1 entrec\u00f4te<\/li>\n<li>1 ou 2 faux filets<\/li>\n<li>1 basse c\u00f4te<\/li>\n<li>1 bavette<\/li>\n<li>1 paleron<\/li>\n<li>1 kg de saucisses de b\u0153uf<\/li>\n<li>1 kg de merguez de boeuf<\/li>\n<li>steaks hach\u00e9s env 2kg<\/li>\n<li>+ Steaks<\/li>\n<\/ul>\n<p>Commandez maintenant pour venir r\u00e9cup\u00e9rer vos colis le <strong>Mercredi 25 Mars 2026<\/strong><\/p>\n","protected":false},"featured_media":537,"comment_status":"open","ping_status":"closed","template":"","meta":{"om_disable_all_campaigns":false,"_monsterinsights_skip_tracking":false,"_monsterinsights_sitenote_active":false,"_monsterinsights_sitenote_note":"","_monsterinsights_sitenote_category":0},"product_brand":[],"product_cat":[33],"product_tag":[],"class_list":{"0":"post-536","1":"product","2":"type-product","3":"status-publish","4":"has-post-thumbnail","6":"product_cat-viande","7":"product_shipping_class-retrait-sur-place","9":"first","10":"outofstock","11":"taxable","12":"shipping-taxable","13":"purchasable","14":"product-type-simple"},"yoast_head":"<!-- This site is optimized with the Yoast SEO plugin v27.3 - https:\/\/yoast.com\/product\/yoast-seo-wordpress\/ -->\n<title>Colis Gourmand 10 kg Boeuf - EARL Ferme Des Ages<\/title>\n<meta name=\"description\" content=\"Colis Gourmand 10 kg Boeuf: r\u00f4ti 1 entrec\u00f4te 1 ou 2 faux filets 1 basse c\u00f4te 1 bavette1 paleron 3 ou 4 g\u00eete noix Saucisses de\u00a0b\u0153uf steaks hach\u00e9s + Steaks\" \/>\n<meta name=\"robots\" content=\"index, follow, max-snippet:-1, max-image-preview:large, max-video-preview:-1\" \/>\n<link rel=\"canonical\" href=\"https:\/\/fermedesages.com\/?product=colis-gourmand-10-kg-boeuf\" \/>\n<meta property=\"og:locale\" content=\"fr_FR\" \/>\n<meta property=\"og:type\" content=\"article\" \/>\n<meta property=\"og:title\" content=\"Colis Gourmand 10 kg Boeuf - EARL Ferme Des Ages\" \/>\n<meta property=\"og:description\" content=\"Colis Gourmand 10 kg Boeuf: r\u00f4ti 1 entrec\u00f4te 1 ou 2 faux filets 1 basse c\u00f4te 1 bavette1 paleron 3 ou 4 g\u00eete noix Saucisses de\u00a0b\u0153uf steaks hach\u00e9s + Steaks\" \/>\n<meta property=\"og:url\" content=\"https:\/\/fermedesages.com\/?product=colis-gourmand-10-kg-boeuf\" \/>\n<meta property=\"og:site_name\" content=\"EARL Ferme Des Ages\" \/>\n<meta property=\"article:modified_time\" content=\"2026-03-21T09:56:05+00:00\" \/>\n<meta property=\"og:image\" content=\"http:\/\/fermedesages.com\/wp-content\/uploads\/2022\/12\/Viande_09.jpg\" \/>\n\t<meta property=\"og:image:width\" content=\"610\" \/>\n\t<meta property=\"og:image:height\" content=\"425\" \/>\n\t<meta property=\"og:image:type\" content=\"image\/jpeg\" \/>\n<meta name=\"twitter:card\" content=\"summary_large_image\" \/>\n<meta name=\"twitter:label1\" content=\"Dur\u00e9e de lecture estim\u00e9e\" \/>\n\t<meta name=\"twitter:data1\" content=\"1 minute\" \/>\n<script type=\"application\/ld+json\" class=\"yoast-schema-graph\">{\"@context\":\"https:\\\/\\\/schema.org\",\"@graph\":[{\"@type\":\"WebPage\",\"@id\":\"https:\\\/\\\/fermedesages.com\\\/?product=colis-gourmand-10-kg-boeuf\",\"url\":\"https:\\\/\\\/fermedesages.com\\\/?product=colis-gourmand-10-kg-boeuf\",\"name\":\"Colis Gourmand 10 kg Boeuf - EARL Ferme Des Ages\",\"isPartOf\":{\"@id\":\"https:\\\/\\\/fermedesages.com\\\/#website\"},\"primaryImageOfPage\":{\"@id\":\"https:\\\/\\\/fermedesages.com\\\/?product=colis-gourmand-10-kg-boeuf#primaryimage\"},\"image\":{\"@id\":\"https:\\\/\\\/fermedesages.com\\\/?product=colis-gourmand-10-kg-boeuf#primaryimage\"},\"thumbnailUrl\":\"https:\\\/\\\/fermedesages.com\\\/wp-content\\\/uploads\\\/2022\\\/12\\\/Viande_09.jpg\",\"datePublished\":\"2023-10-30T08:32:10+00:00\",\"dateModified\":\"2026-03-21T09:56:05+00:00\",\"description\":\"Colis Gourmand 10 kg Boeuf: r\u00f4ti 1 entrec\u00f4te 1 ou 2 faux filets 1 basse c\u00f4te 1 bavette1 paleron 3 ou 4 g\u00eete noix Saucisses de\u00a0b\u0153uf steaks hach\u00e9s + Steaks\",\"breadcrumb\":{\"@id\":\"https:\\\/\\\/fermedesages.com\\\/?product=colis-gourmand-10-kg-boeuf#breadcrumb\"},\"inLanguage\":\"fr-FR\",\"potentialAction\":[{\"@type\":\"ReadAction\",\"target\":[\"https:\\\/\\\/fermedesages.com\\\/?product=colis-gourmand-10-kg-boeuf\"]}]},{\"@type\":\"ImageObject\",\"inLanguage\":\"fr-FR\",\"@id\":\"https:\\\/\\\/fermedesages.com\\\/?product=colis-gourmand-10-kg-boeuf#primaryimage\",\"url\":\"https:\\\/\\\/fermedesages.com\\\/wp-content\\\/uploads\\\/2022\\\/12\\\/Viande_09.jpg\",\"contentUrl\":\"https:\\\/\\\/fermedesages.com\\\/wp-content\\\/uploads\\\/2022\\\/12\\\/Viande_09.jpg\",\"width\":610,\"height\":425},{\"@type\":\"BreadcrumbList\",\"@id\":\"https:\\\/\\\/fermedesages.com\\\/?product=colis-gourmand-10-kg-boeuf#breadcrumb\",\"itemListElement\":[{\"@type\":\"ListItem\",\"position\":1,\"name\":\"Accueil\",\"item\":\"https:\\\/\\\/fermedesages.com\\\/\"},{\"@type\":\"ListItem\",\"position\":2,\"name\":\"Boutique en Ligne\",\"item\":\"https:\\\/\\\/fermedesages.com\\\/?page_id=79\"},{\"@type\":\"ListItem\",\"position\":3,\"name\":\"Colis Gourmand 10 kg Boeuf\"}]},{\"@type\":\"WebSite\",\"@id\":\"https:\\\/\\\/fermedesages.com\\\/#website\",\"url\":\"https:\\\/\\\/fermedesages.com\\\/\",\"name\":\"EARL Ferme Des Ages\",\"description\":\"Producteurs Bovins Viande, L\u00e9gumes plein champs et Noix BIO\",\"potentialAction\":[{\"@type\":\"SearchAction\",\"target\":{\"@type\":\"EntryPoint\",\"urlTemplate\":\"https:\\\/\\\/fermedesages.com\\\/?s={search_term_string}\"},\"query-input\":{\"@type\":\"PropertyValueSpecification\",\"valueRequired\":true,\"valueName\":\"search_term_string\"}}],\"inLanguage\":\"fr-FR\"}]}<\/script>\n<!-- \/ Yoast SEO plugin. -->","yoast_head_json":{"title":"Colis Gourmand 10 kg Boeuf - EARL Ferme Des Ages","description":"Colis Gourmand 10 kg Boeuf: r\u00f4ti 1 entrec\u00f4te 1 ou 2 faux filets 1 basse c\u00f4te 1 bavette1 paleron 3 ou 4 g\u00eete noix Saucisses de\u00a0b\u0153uf steaks hach\u00e9s + Steaks","robots":{"index":"index","follow":"follow","max-snippet":"max-snippet:-1","max-image-preview":"max-image-preview:large","max-video-preview":"max-video-preview:-1"},"canonical":"https:\/\/fermedesages.com\/?product=colis-gourmand-10-kg-boeuf","og_locale":"fr_FR","og_type":"article","og_title":"Colis Gourmand 10 kg Boeuf - EARL Ferme Des Ages","og_description":"Colis Gourmand 10 kg Boeuf: r\u00f4ti 1 entrec\u00f4te 1 ou 2 faux filets 1 basse c\u00f4te 1 bavette1 paleron 3 ou 4 g\u00eete noix Saucisses de\u00a0b\u0153uf steaks hach\u00e9s + Steaks","og_url":"https:\/\/fermedesages.com\/?product=colis-gourmand-10-kg-boeuf","og_site_name":"EARL Ferme Des Ages","article_modified_time":"2026-03-21T09:56:05+00:00","og_image":[{"width":610,"height":425,"url":"http:\/\/fermedesages.com\/wp-content\/uploads\/2022\/12\/Viande_09.jpg","type":"image\/jpeg"}],"twitter_card":"summary_large_image","twitter_misc":{"Dur\u00e9e de lecture estim\u00e9e":"1 minute"},"schema":{"@context":"https:\/\/schema.org","@graph":[{"@type":"WebPage","@id":"https:\/\/fermedesages.com\/?product=colis-gourmand-10-kg-boeuf","url":"https:\/\/fermedesages.com\/?product=colis-gourmand-10-kg-boeuf","name":"Colis Gourmand 10 kg Boeuf - EARL Ferme Des Ages","isPartOf":{"@id":"https:\/\/fermedesages.com\/#website"},"primaryImageOfPage":{"@id":"https:\/\/fermedesages.com\/?product=colis-gourmand-10-kg-boeuf#primaryimage"},"image":{"@id":"https:\/\/fermedesages.com\/?product=colis-gourmand-10-kg-boeuf#primaryimage"},"thumbnailUrl":"https:\/\/fermedesages.com\/wp-content\/uploads\/2022\/12\/Viande_09.jpg","datePublished":"2023-10-30T08:32:10+00:00","dateModified":"2026-03-21T09:56:05+00:00","description":"Colis Gourmand 10 kg Boeuf: r\u00f4ti 1 entrec\u00f4te 1 ou 2 faux filets 1 basse c\u00f4te 1 bavette1 paleron 3 ou 4 g\u00eete noix Saucisses de\u00a0b\u0153uf steaks hach\u00e9s + Steaks","breadcrumb":{"@id":"https:\/\/fermedesages.com\/?product=colis-gourmand-10-kg-boeuf#breadcrumb"},"inLanguage":"fr-FR","potentialAction":[{"@type":"ReadAction","target":["https:\/\/fermedesages.com\/?product=colis-gourmand-10-kg-boeuf"]}]},{"@type":"ImageObject","inLanguage":"fr-FR","@id":"https:\/\/fermedesages.com\/?product=colis-gourmand-10-kg-boeuf#primaryimage","url":"https:\/\/fermedesages.com\/wp-content\/uploads\/2022\/12\/Viande_09.jpg","contentUrl":"https:\/\/fermedesages.com\/wp-content\/uploads\/2022\/12\/Viande_09.jpg","width":610,"height":425},{"@type":"BreadcrumbList","@id":"https:\/\/fermedesages.com\/?product=colis-gourmand-10-kg-boeuf#breadcrumb","itemListElement":[{"@type":"ListItem","position":1,"name":"Accueil","item":"https:\/\/fermedesages.com\/"},{"@type":"ListItem","position":2,"name":"Boutique en Ligne","item":"https:\/\/fermedesages.com\/?page_id=79"},{"@type":"ListItem","position":3,"name":"Colis Gourmand 10 kg Boeuf"}]},{"@type":"WebSite","@id":"https:\/\/fermedesages.com\/#website","url":"https:\/\/fermedesages.com\/","name":"EARL Ferme Des Ages","description":"Producteurs Bovins Viande, L\u00e9gumes plein champs et Noix BIO","potentialAction":[{"@type":"SearchAction","target":{"@type":"EntryPoint","urlTemplate":"https:\/\/fermedesages.com\/?s={search_term_string}"},"query-input":{"@type":"PropertyValueSpecification","valueRequired":true,"valueName":"search_term_string"}}],"inLanguage":"fr-FR"}]}},"jetpack_sharing_enabled":true,"_links":{"self":[{"href":"https:\/\/fermedesages.com\/index.php?rest_route=\/wp\/v2\/product\/536","targetHints":{"allow":["GET"]}}],"collection":[{"href":"https:\/\/fermedesages.com\/index.php?rest_route=\/wp\/v2\/product"}],"about":[{"href":"https:\/\/fermedesages.com\/index.php?rest_route=\/wp\/v2\/types\/product"}],"replies":[{"embeddable":true,"href":"https:\/\/fermedesages.com\/index.php?rest_route=%2Fwp%2Fv2%2Fcomments&post=536"}],"wp:featuredmedia":[{"embeddable":true,"href":"https:\/\/fermedesages.com\/index.php?rest_route=\/wp\/v2\/media\/537"}],"wp:attachment":[{"href":"https:\/\/fermedesages.com\/index.php?rest_route=%2Fwp%2Fv2%2Fmedia&parent=536"}],"wp:term":[{"taxonomy":"product_brand","embeddable":true,"href":"https:\/\/fermedesages.com\/index.php?rest_route=%2Fwp%2Fv2%2Fproduct_brand&post=536"},{"taxonomy":"product_cat","embeddable":true,"href":"https:\/\/fermedesages.com\/index.php?rest_route=%2Fwp%2Fv2%2Fproduct_cat&post=536"},{"taxonomy":"product_tag","embeddable":true,"href":"https:\/\/fermedesages.com\/index.php?rest_route=%2Fwp%2Fv2%2Fproduct_tag&post=536"}],"curies":[{"name":"wp","href":"https:\/\/api.w.org\/{rel}","templated":true}]}}